{"id":3787,"date":"2025-06-25T00:44:31","date_gmt":"2025-06-25T00:44:31","guid":{"rendered":"https:\/\/dartmouth.unitridigital.com.br\/politica-de-privacidade\/"},"modified":"2025-08-11T18:08:19","modified_gmt":"2025-08-11T18:08:19","slug":"politica-de-privacidad","status":"publish","type":"page","link":"https:\/\/dartmouth.unitridigital.com.br\/es\/politica-de-privacidad\/","title":{"rendered":"POL\u00cdTICA DE PRIVACIDAD Y TRATAMIENTO DE DATOS PERSONALES"},"content":{"rendered":"<p>El objetivo de esta Pol\u00edtica es demostrar nuestro compromiso con la privacidad y protecci\u00f3n de los datos personales de nuestros Clientes, estableciendo las reglas sobre recopilaci\u00f3n, registro, almacenamiento, uso, intercambio, internacionalizaci\u00f3n y eliminaci\u00f3n de los datos gestionados en el \u00e1mbito de los servicios y funcionalidades prestados y puestos a disposici\u00f3n por Dartmouth Management EE y el Grupo de Compa\u00f1\u00edas de Dartmouth, de ahora en m\u00e1s denominado como \u201cDartmouth\u201d, de acuerdo con las leyes pertinentes vigentes ( por ejemplo, Ley General de Protecci\u00f3n de Datos Personales \u2013LGPD- para residentes brasile\u00f1os-, EU Regulaci\u00f3n General de Protecci\u00f3n de Datos Personales 2016\/679 (\u201cGDPR\u201d) o la Ley De Privacidad del Consumidor de California de 2018 (\u201cCCPA\u201d conforme sus modificaciones por la Ley de Privacidad de California de 2020 (\u201cCPRA\u201d)).<\/p>\n<p>&nbsp;<\/p>\n<p>Su privacidad es importante para nosotros. En Dartmouth la pol\u00edtica es estricta: respetar su privacidad en relaci\u00f3n con cualquier informaci\u00f3n que nos proporcione en nuestro sitio web o personalmente.<\/p>\n<p>&nbsp;<\/p>\n<p>Solicitamos informaci\u00f3n personal esencial para prestar el servicio contratado. Lo hacemos por medios legales, con su consentimiento y conocimiento. Informaremos del motivo de la solicitud y c\u00f3mo se utilizar\u00e1. Si almacenamos informaci\u00f3n, la protegemos completamente con estrictos protocolos de seguridad para evitar el acceso no autorizado. Adem\u00e1s, podr\u00edamos compartir informaci\u00f3n con nuestras oficinas, o con terceras partes, siempre que sea necesario para cumplir con nuestros prop\u00f3sitos y proveer nuestros servicios. No compartimos ni vendemos la informaci\u00f3n personal obtenida, salvo cuando lo exija la ley.<\/p>\n<p>&nbsp;<\/p>\n<p>Para acceder y utilizar nuestros servicios, declara ser mayor de 18 (dieciocho) a\u00f1os y haber le\u00eddo detenidamente los \u00ab<a href=\"https:\/\/dartmouthinternational.com\/es\/terminos-y-condiciones-generales\/\">T\u00e9rminos y Condiciones Generales<\/a>\u00bb publicados en nuestro sitio web, comprendiendo plenamente y, por lo tanto, otorgando su consentimiento libre y expreso a los t\u00e9rminos aqu\u00ed estipulados. Si no est\u00e1 de acuerdo con estas directrices, deber\u00e1 interrumpir el acceso o uso de nuestros servicios.<\/p>\n<p>&nbsp;<\/p>\n<p><strong>DATOS RECOGIDOS, FORMA Y FINALIDAD<\/strong><\/p>\n<p><strong>\u00a0<\/strong><\/p>\n<p>Los datos personales se recopilan cuando usted ingresa o nos los env\u00eda voluntariamente al acceder, usar e interactuar con las funciones o servicios disponibles en l\u00ednea y\/o en persona por Dartmouth, lo que incluye:<\/p>\n<p>&nbsp;<\/p>\n<table width=\"576\">\n<tbody>\n<tr>\n<td width=\"132\"><strong>TIPOS DE DATOS<\/strong><\/td>\n<td width=\"236\"><strong>DATOS PERSONALES<\/strong><\/td>\n<td width=\"208\"><strong>FINALIDAD DEL USO DE LOS DATOS<\/strong><\/td>\n<\/tr>\n<tr>\n<td width=\"132\"><strong>DATOS DE REGISTRO<\/strong><\/td>\n<td width=\"236\">Nombre completo;<\/p>\n<p>Fecha de nacimiento;<\/p>\n<p>Nacionalidad;<\/p>\n<p>Direcci\u00f3n;<\/p>\n<p>Tel\u00e9fono;<\/p>\n<p>Correo electr\u00f3nico;<\/p>\n<p>N\u00famero de pasaporte, pa\u00eds de emisi\u00f3n y fecha de vencimiento;<\/p>\n<p>N\u00famero de identificaci\u00f3n y pa\u00eds;<\/p>\n<p>Estado civil;<\/p>\n<p>Nombre del empleador (cuando corresponda);<\/p>\n<p>Puesto (cuando corresponda)<\/td>\n<td width=\"208\">Identificar y autenticar clientes existentes; Registrar nuevos clientes; Responder a las solicitudes de contacto recibidas a trav\u00e9s del sitio web; Enviar correos electr\u00f3nicos institucionales; Cumplir con la legislaci\u00f3n vigente; Prevenir fraudes, actividades sospechosas y\/o potencialmente peligrosas.<\/td>\n<\/tr>\n<\/tbody>\n<\/table>\n<p>&nbsp;<\/p>\n<p><strong>\u00a0<\/strong><\/p>\n<p>Muchos de nuestros servicios requieren que se registre con la informaci\u00f3n m\u00ednima necesaria para iniciar una relaci\u00f3n empresa-cliente. Al registrarse, recopilamos su nombre, correo electr\u00f3nico, direcci\u00f3n postal, n\u00famero de tel\u00e9fono, datos del pasaporte, fecha de nacimiento y otros datos, seg\u00fan la tabla anterior. Tambi\u00e9n puede optar por no proporcionar cierta informaci\u00f3n, pero tenga en cuenta que toda la informaci\u00f3n es necesaria para contratar cualquier servicio con nosotros. Dartmouth no se responsabiliza de la exactitud, veracidad o falta de ella de la informaci\u00f3n que proporcione, ni de su desactualizaci\u00f3n. Es responsabilidad del cliente proporcionar esta informaci\u00f3n con precisi\u00f3n y mantenerla actualizada.<\/p>\n<p>El consentimiento que usted presta para el uso de sus datos se obtiene de forma individual, clara, espec\u00edfica y leg\u00edtima. Puede hacerlo tambi\u00e9n enviando un correo electr\u00f3nico a <a href=\"dpo@dartmouthinternational.com\">dpo@dartmouthinternational.com<\/a> para solicitar la modificaci\u00f3n del consentimiento otorgado para el tratamiento de sus datos, el suministro de la informaci\u00f3n que tenemos almacenada sobre usted o la cancelaci\u00f3n de la recepci\u00f3n de comunicaciones de Dartmouth.<\/p>\n<p>&nbsp;<\/p>\n<p>Los datos recopilados y las actividades registradas podr\u00e1n ser compartidos:<\/p>\n<p>&nbsp;<\/p>\n<ul>\n<li>Con el Grupo de Compa\u00f1ias de Dartmouth;<\/li>\n<\/ul>\n<p>&nbsp;<\/p>\n<ul>\n<li>Ante las autoridades judiciales, administrativas o gubernamentales competentes, siempre que exista determinaci\u00f3n legal, solicitud, requerimiento u orden judicial;<\/li>\n<\/ul>\n<p>&nbsp;<\/p>\n<ul>\n<li>Autom\u00e1ticamente en caso de movimientos societarios, tales como fusiones, adquisiciones e incorporaciones;<\/li>\n<\/ul>\n<p>&nbsp;<\/p>\n<ul>\n<li>Sociedades controladoras de restricciones de cr\u00e9dito (SERASA).<\/li>\n<\/ul>\n<p>&nbsp;<\/p>\n<p>La base de datos creada mediante la recopilaci\u00f3n de datos personales es propiedad de Dartmouth. Usted es corresponsable de la confidencialidad de sus datos personales. Compartir contrase\u00f1as y datos de acceso infringe esta Pol\u00edtica y las <a href=\"https:\/\/dartmouthinternational.com\/es\/terminos-y-condiciones-generales\/\">T\u00e9rminos de Uso<\/a> .<\/p>\n<p>&nbsp;<\/p>\n<table width=\"576\">\n<tbody>\n<tr>\n<td width=\"132\"><strong>TIPOS DE DATOS<\/strong><\/td>\n<td width=\"236\"><strong>PERIODO DE ALMACENAMIENTO<\/strong><\/td>\n<td width=\"208\"><strong>BASE LEGAL<\/strong><\/td>\n<\/tr>\n<tr>\n<td width=\"132\"><strong>DATOS DE REGISTRO<\/strong><\/td>\n<td width=\"236\">Mientras dure la relaci\u00f3n y no se solicite su supresi\u00f3n o revocaci\u00f3n del consentimiento<\/td>\n<td width=\"208\">Brasil: Art. 9, secci\u00f3n II de la Ley General de Protecci\u00f3n de Datos Personales<\/td>\n<\/tr>\n<\/tbody>\n<\/table>\n<p>&nbsp;<\/p>\n<p>&nbsp;<\/p>\n<p>Los datos recopilados se almacenar\u00e1n en un servidor ubicado en Brasil, bajo responsabilidad de Dartmouth.<\/p>\n<p>&nbsp;<\/p>\n<p><strong>EXHIBICI\u00d3N, RECTIFICACI\u00d3N, LIMITACI\u00d3N Y OPOSICI\u00d3N<\/strong><\/p>\n<p><strong>\u00a0<\/strong><\/p>\n<p>Puede solicitar por correo electr\u00f3nico a <a href=\"dpo@dartmouthinternational.com\">dpo@dartmouthinternational.com<\/a>, confirmaci\u00f3n de la existencia del tratamiento de datos personales, su visualizaci\u00f3n o rectificaci\u00f3n, <strong>luego la debida confirmaci\u00f3n de la autenticidad del contacto<\/strong>. A trav\u00e9s de este mismo correo electr\u00f3nico, tambi\u00e9n puede expresar su objeci\u00f3n o revocar el consentimiento respecto al uso de sus datos personales, as\u00ed como solicitar la baja de la recepci\u00f3n de mensajes electr\u00f3nicos.<\/p>\n<p>Para garantizar que nuestros clientes reciban informaci\u00f3n relevante, al enviar un correo electr\u00f3nico con nuestra comunicaci\u00f3n recibimos una notificaci\u00f3n cuando es abierto, siempre que est\u00e9 disponible en el ordenador del cliente.<\/p>\n<p>&nbsp;<\/p>\n<p><strong>DISPOSICIONES GENERALES<\/strong><\/p>\n<p>&nbsp;<\/p>\n<p>Dartmouth se reserva el derecho de modificar el contenido de esta Pol\u00edtica en cualquier momento, seg\u00fan su prop\u00f3sito o necesidad, por ejemplo, para garantizar su adecuaci\u00f3n legal y el cumplimiento de disposiciones legales o reglamentarias con fuerza legal equivalente. Es su responsabilidad consultarla siempre que se ponga en contacto con nosotros. Si tiene alguna pregunta sobre las disposiciones de este documento, puede contactarnos por correo electr\u00f3nico: <a href=\"dpo@dartmouthinternational.com\">dpo@dartmouthinternational.com<\/a><\/p>\n<p>&nbsp;<\/p>\n<p><strong>LEY APLICABLE Y JURISDICCI\u00d3N<\/strong><\/p>\n<p>&nbsp;<\/p>\n<p>Para los usuarios brasile\u00f1os esta Pol\u00edtica se regir\u00e1 e interpretar\u00e1 de acuerdo con la ley brasile\u00f1a, en idioma portugu\u00e9s, y el Tribunal del Distrito de S\u00e3o Paulo ser\u00e1 elegido para resolver cualquier disputa o controversia que involucre este documento, a menos que exista una reserva espec\u00edfica de jurisdicci\u00f3n personal, territorial o funcional por la ley aplicable.<\/p>\n<p>Para los usuarios de otras jurisdicciones, Dartmouth se ha asegurado de cumplir con los est\u00e1ndares internacionales m\u00e1s rigurosos.<\/p>\n","protected":false},"excerpt":{"rendered":"<p>El objetivo de esta Pol\u00edtica es demostrar nuestro compromiso con la privacidad y protecci\u00f3n de los datos personales de nuestros Clientes, estableciendo las reglas sobre recopilaci\u00f3n, registro, almacenamiento, uso, intercambio, internacionalizaci\u00f3n y eliminaci\u00f3n de los datos gestionados en el \u00e1mbito de los servicios y funcionalidades prestados y puestos a disposici\u00f3n por Dartmouth Management EE y [&hellip;]<\/p>\n","protected":false},"author":1,"featured_media":0,"parent":0,"menu_order":0,"comment_status":"closed","ping_status":"open","template":"page-privacy.php","meta":{"_acf_changed":false,"footnotes":""},"class_list":["post-3787","page","type-page","status-publish","hentry"],"acf":[],"_links":{"self":[{"href":"https:\/\/dartmouth.unitridigital.com.br\/es\/wp-json\/wp\/v2\/pages\/3787","targetHints":{"allow":["GET"]}}],"collection":[{"href":"https:\/\/dartmouth.unitridigital.com.br\/es\/wp-json\/wp\/v2\/pages"}],"about":[{"href":"https:\/\/dartmouth.unitridigital.com.br\/es\/wp-json\/wp\/v2\/types\/page"}],"author":[{"embeddable":true,"href":"https:\/\/dartmouth.unitridigital.com.br\/es\/wp-json\/wp\/v2\/users\/1"}],"replies":[{"embeddable":true,"href":"https:\/\/dartmouth.unitridigital.com.br\/es\/wp-json\/wp\/v2\/comments?post=3787"}],"version-history":[{"count":6,"href":"https:\/\/dartmouth.unitridigital.com.br\/es\/wp-json\/wp\/v2\/pages\/3787\/revisions"}],"predecessor-version":[{"id":4024,"href":"https:\/\/dartmouth.unitridigital.com.br\/es\/wp-json\/wp\/v2\/pages\/3787\/revisions\/4024"}],"wp:attachment":[{"href":"https:\/\/dartmouth.unitridigital.com.br\/es\/wp-json\/wp\/v2\/media?parent=3787"}],"curies":[{"name":"wp","href":"https:\/\/api.w.org\/{rel}","templated":true}]}}