{"id":4010,"date":"2025-08-01T00:17:27","date_gmt":"2025-08-01T00:17:27","guid":{"rendered":"https:\/\/dartmouth.unitridigital.com.br\/termos-de-uso\/"},"modified":"2025-08-11T18:10:31","modified_gmt":"2025-08-11T18:10:31","slug":"condiciones-de-uso","status":"publish","type":"page","link":"https:\/\/dartmouth.unitridigital.com.br\/es\/condiciones-de-uso\/","title":{"rendered":"Condiciones de Uso"},"content":{"rendered":"<p><strong>1. General<\/strong><\/p>\n<p>Dartmouth Management EE y el Grupo de Empresas Dartmouth, en adelante denominado \u201cDartmouth\u201d, ponen a disposici\u00f3n este sitio web <a href=\"https:\/\/dartmouth.unitridigital.com.br\/es\/\">dartmouthinternational.com<\/a> y todo el contenido e informaci\u00f3n disponible en el mismo sujeto a los siguientes t\u00e9rminos de uso.<\/p>\n<p>Al acceder al sitio web <a href=\"https:\/\/dartmouth.unitridigital.com.br\/es\/\">dartmouthinternational.com<\/a> , usted acepta cumplir con estos t\u00e9rminos de uso y se responsabiliza del cumplimiento de todas las leyes y normativas aplicables. Si no acepta alguno de los t\u00e9rminos a continuaci\u00f3n, se le proh\u00edbe usar o acceder a este sitio. Los materiales contenidos en este sitio web est\u00e1n protegidos por las leyes de propiedad intelectual, derechos de autor y marcas registradas.<\/p>\n<p><strong>2. Uso de la licencia<\/strong><\/p>\n<p>Se concede permiso para descargar temporalmente una copia de los materiales publicados en los sitios web de Dartmouth, \u00fanicamente para su visualizaci\u00f3n transitoria personal y no comercial. Esta autorizaci\u00f3n constituye una concesi\u00f3n de permiso, no una transferencia de titularidad, y, en virtud de ella, no podr\u00e1:<\/p>\n<p>&#8211; Modificar o copiar los materiales;<\/p>\n<p>&#8211; Utilizar los materiales para cualquier prop\u00f3sito comercial o para cualquier exhibici\u00f3n p\u00fablica (comercial o no comercial);<\/p>\n<p>&#8211; Eliminar cualquier copyright u otras notaciones de propiedad de los materiales; o<\/p>\n<p>&#8211; Transferir los materiales a otra persona o &#8216;duplicar&#8217; los materiales en cualquier otro servidor.<\/p>\n<p>Este permiso se rescindir\u00e1 autom\u00e1ticamente si usted infringe cualquiera de estas restricciones y Dartmouth podr\u00e1 rescindirlo en cualquier momento. Al finalizar la visualizaci\u00f3n de estos materiales o al rescindirse esta licencia, deber\u00e1 destruir cualquier material descargado que tenga en su poder, ya sea en formato electr\u00f3nico o impreso.<\/p>\n<p><strong>3. Descargo de responsabilidad<\/strong><\/p>\n<p>Los materiales del sitio web de Dartmouth se proporcionan \u00abtal cual\u00bb. Dartmouth no ofrece garant\u00edas, expresas ni impl\u00edcitas, y por la presente renuncia y niega cualquier otra garant\u00eda, incluyendo, entre otras, las garant\u00edas o condiciones impl\u00edcitas de comerciabilidad, idoneidad para un fin espec\u00edfico o no infracci\u00f3n de la propiedad intelectual u otra violaci\u00f3n de derechos.<\/p>\n<p>Adem\u00e1s, Dartmouth no garantiza ni hace ninguna declaraci\u00f3n sobre la precisi\u00f3n, los resultados probables o la confiabilidad del uso de los materiales en su sitio web o de otro modo relacionados con dichos materiales o en cualquier sitio vinculado a este sitio.<\/p>\n<p><strong>4. Limitaciones<\/strong><\/p>\n<p>En ning\u00fan caso Dartmouth o sus proveedores ser\u00e1n responsables de ning\u00fan da\u00f1o (incluidos, sin limitaci\u00f3n, da\u00f1os por p\u00e9rdida de datos o ganancias o debido a la interrupci\u00f3n del negocio) que surja del uso o la imposibilidad de usar los materiales en <a href=\"https:\/\/dartmouth.unitridigital.com.br\/es\/\">dartmouthinternational.com<\/a>, incluso si Dartmouth o un representante autorizado de Dartmouth ha sido notificado oralmente o por escrito de la posibilidad de tal da\u00f1o.<\/p>\n<p>Dartmouth realiza esfuerzos comercialmente razonables para verificar y probar el material en todas las etapas de producci\u00f3n. Sin embargo, usted debe tomar sus propias precauciones para asegurarse de que el proceso que emplee para acceder a este sitio web no lo exponga al riesgo de virus, c\u00f3digo inform\u00e1tico malicioso u otras formas de interferencia que puedan da\u00f1ar su sistema inform\u00e1tico. Dartmouth no puede ni acepta ninguna responsabilidad por cualquier p\u00e9rdida, interrupci\u00f3n o da\u00f1o a sus datos o a su sistema inform\u00e1tico que pueda ocurrir durante el uso del material derivado de este sitio web.<\/p>\n<p>Debido a que algunas jurisdicciones no permiten limitaciones en las garant\u00edas impl\u00edcitas o limitaciones de responsabilidad por da\u00f1os consecuentes o incidentales, estas limitaciones pueden no aplicarse en su caso.<\/p>\n<p><strong>5. Precisi\u00f3n y veracidad de los materiales<\/strong><\/p>\n<p>Los materiales expuestos en el sitio web de Dartmouth pueden contener errores t\u00e9cnicos, tipogr\u00e1ficos o fotogr\u00e1ficos. Dartmouth no garantiza la exactitud, integridad ni actualidad del material de su sitio web. La empresa puede modificar el material de su sitio web en cualquier momento, sin previo aviso. Sin embargo, Dartmouth no se compromete a actualizarlo.<\/p>\n<p>El contenido se proporciona \u00fanicamente como un servicio y una gu\u00eda general, y su objetivo es ofrecer al usuario \u00fanicamente informaci\u00f3n general de inter\u00e9s. Esta informaci\u00f3n no pretende sustituir ning\u00fan consejo, consulta o servicio legal, de asesor\u00eda, fiscal o de otro tipo. Le recomendamos consultar con su asesor profesional.<\/p>\n<p>Ni el sitio web ni ning\u00fan material contenido en \u00e9l constituye una oferta de venta o compra ni la solicitud de una oferta para invertir, y ni este sitio web ni ning\u00fan otro material de oferta o informaci\u00f3n ha sido presentado para su aprobaci\u00f3n ante ninguna autoridad reguladora.<\/p>\n<p><strong>6. Enlaces<\/strong><\/p>\n<p>Dartmouth no se responsabiliza del contenido de ning\u00fan sitio vinculado a <a href=\"https:\/\/dartmouth.unitridigital.com.br\/es\/\">dartmouthinternational.com<\/a>. La inclusi\u00f3n de cualquier enlace no implica la aprobaci\u00f3n por parte de Dartmouth. El uso de cualquier sitio vinculado es bajo la propia responsabilidad del usuario. El sitio web puede contener enlaces a sitios de terceros sobre los cuales Dartmouth no tiene control ni responsabilidad por el contenido, la seguridad, la privacidad u otras pol\u00edticas empleadas.<\/p>\n<p><strong>7. Privacidad<\/strong><\/p>\n<p>Dartmouth reconoce y respeta la importancia de proteger la privacidad de toda la informaci\u00f3n proporcionada por los usuarios y gestionarla como se describe en nuestra <a href=\"https:\/\/dartmouthinternational.com\/es\/politica-de-privacidad\/\">Pol\u00edtica de Privacidad<\/a>.<\/p>\n<p>Para acceder a ciertas funciones del sitio, podr\u00edamos solicitarle cierta informaci\u00f3n personal. Usted se compromete a proporcionar informaci\u00f3n veraz, precisa, actual y completa. Nos reservamos el derecho de suspender o cancelar su cuenta en caso contrario. Si se le solicita un nombre de usuario y una contrase\u00f1a, usted es responsable de todas las actividades que se realicen con su contrase\u00f1a o cuenta y se compromete a notificarnos de inmediato cualquier sospecha de uso no autorizado. No nos responsabilizamos de ninguna p\u00e9rdida o da\u00f1o derivado de su propio incumplimiento.<\/p>\n<p><strong>8. Modificaciones<\/strong><\/p>\n<p>Dartmouth podr\u00e1 modificar estas condiciones de servicio de su sitio web en cualquier momento sin previo aviso. Al utilizar este sitio web, usted acepta la versi\u00f3n vigente de estas condiciones de servicio. Por favor, rev\u00edselas peri\u00f3dicamente.<\/p>\n<p><strong>9. Ley aplicable<\/strong><\/p>\n<p>Estos t\u00e9rminos y condiciones se rigen e interpretan de conformidad con las leyes de los tribunales de la ubicaci\u00f3n de Dartmouth y usted se somete irrevocablemente a la jurisdicci\u00f3n exclusiva de dichos tribunales.<\/p>\n","protected":false},"excerpt":{"rendered":"<p>1. General Dartmouth Management EE y el Grupo de Empresas Dartmouth, en adelante denominado \u201cDartmouth\u201d, ponen a disposici\u00f3n este sitio web dartmouthinternational.com y todo el contenido e informaci\u00f3n disponible en el mismo sujeto a los siguientes t\u00e9rminos de uso. Al acceder al sitio web dartmouthinternational.com , usted acepta cumplir con estos t\u00e9rminos de uso y [&hellip;]<\/p>\n","protected":false},"author":1,"featured_media":0,"parent":0,"menu_order":0,"comment_status":"closed","ping_status":"closed","template":"page-privacy.php","meta":{"_acf_changed":false,"footnotes":""},"class_list":["post-4010","page","type-page","status-publish","hentry"],"acf":[],"_links":{"self":[{"href":"https:\/\/dartmouth.unitridigital.com.br\/es\/wp-json\/wp\/v2\/pages\/4010","targetHints":{"allow":["GET"]}}],"collection":[{"href":"https:\/\/dartmouth.unitridigital.com.br\/es\/wp-json\/wp\/v2\/pages"}],"about":[{"href":"https:\/\/dartmouth.unitridigital.com.br\/es\/wp-json\/wp\/v2\/types\/page"}],"author":[{"embeddable":true,"href":"https:\/\/dartmouth.unitridigital.com.br\/es\/wp-json\/wp\/v2\/users\/1"}],"replies":[{"embeddable":true,"href":"https:\/\/dartmouth.unitridigital.com.br\/es\/wp-json\/wp\/v2\/comments?post=4010"}],"version-history":[{"count":3,"href":"https:\/\/dartmouth.unitridigital.com.br\/es\/wp-json\/wp\/v2\/pages\/4010\/revisions"}],"predecessor-version":[{"id":4025,"href":"https:\/\/dartmouth.unitridigital.com.br\/es\/wp-json\/wp\/v2\/pages\/4010\/revisions\/4025"}],"wp:attachment":[{"href":"https:\/\/dartmouth.unitridigital.com.br\/es\/wp-json\/wp\/v2\/media?parent=4010"}],"curies":[{"name":"wp","href":"https:\/\/api.w.org\/{rel}","templated":true}]}}