{"id":4016,"date":"2025-08-01T00:23:30","date_gmt":"2025-08-01T00:23:30","guid":{"rendered":"https:\/\/dartmouth.unitridigital.com.br\/termos-e-condicoes-gerais\/"},"modified":"2025-08-01T00:49:21","modified_gmt":"2025-08-01T00:49:21","slug":"terminos-y-condiciones-generales","status":"publish","type":"page","link":"https:\/\/dartmouth.unitridigital.com.br\/es\/terminos-y-condiciones-generales\/","title":{"rendered":"T\u00e9rminos y Condiciones Generales"},"content":{"rendered":"<p><strong>1. Definiciones<\/strong><\/p>\n<p>Las siguientes definiciones se aplican a los T\u00e9rminos y Condiciones Generales:<\/p>\n<p>1.1. Dartmouth Management EE y el Grupo de Empresas Dartmouth, en adelante ser\u00e1n denominados \u201cDartmouth\u201d.<br \/>\n1.2. La parte que encarga el trabajo o la prestaci\u00f3n de servicios en adelante ser\u00e1 denominada \u201cCliente\u201d.<br \/>\n1.3. Dartmouth y el Cliente en adelante se denominar\u00e1n las \u201cPartes\u201d.<\/p>\n<p><strong>2. T\u00e9rminos de compromiso<\/strong><\/p>\n<p>2.1. A menos que Dartmouth renuncie expresamente por escrito, estos t\u00e9rminos y condiciones generales (en adelante denominados \u00abCondiciones\u00bb) se considerar\u00e1n incorporados en todos los acuerdos celebrados y aplicables a todos los servicios prestados por cualquier empresa o entidad relacionada con, perteneciente a, o cualquier individuo empleado por Dartmouth.<br \/>\n2.2. Un cliente no podr\u00e1 ceder sus derechos y obligaciones bajo ning\u00fan acuerdo con Dartmouth a ninguna filial o tercero sin el consentimiento previo por escrito de Dartmouth.<br \/>\n2.3. Dartmouth tiene derecho, en cualquier momento y a su entera discreci\u00f3n, a solicitar referencias o informaci\u00f3n adicional sobre la identidad de un Cliente, sobre las actividades comerciales de un Cliente o sobre las personas involucradas en el negocio de un Cliente, y adem\u00e1s a solicitar toda la informaci\u00f3n que Dartmouth considere necesaria o apropiada.<br \/>\n2.4. Dartmouth se comprometer\u00e1 a mantener a cualquier empresa en total cumplimiento con las buenas pr\u00e1cticas de informes, lucha contra el lavado de dinero y activos y la lucha contra la corrupci\u00f3n que puedan requerirse.<br \/>\n2.5. Dartmouth no estar\u00e1 obligado a hacer u omitir nada que considere que entre en conflicto con los intereses leg\u00edtimos de un Cliente, con los intereses de Dartmouth y\/o las leyes y regulaciones de cualquier jurisdicci\u00f3n aplicable.<\/p>\n<p><strong>3. Comunicaci\u00f3n<\/strong><\/p>\n<p>3.1. Dartmouth podr\u00e1 actuar y basarse en solicitudes, instrumentos o documentos escritos de cualquier tipo que parezcan haber sido firmados (en original o copia), avalados o preparados por el cliente. Si un cliente env\u00eda una solicitud o instrucci\u00f3n a Dartmouth por tel\u00e9fono o fax, Dartmouth no ser\u00e1 responsable de ning\u00fan da\u00f1o, cargo, multa, impuesto, coste o gasto sufrido, incurrido o gastado, directa o indirectamente (incluidos, entre otros, honorarios, costes y gastos de abogados, auditores y otros peritos), por un cliente en relaci\u00f3n con un malentendido o error de transmisi\u00f3n resultante de este m\u00e9todo de comunicaci\u00f3n, incluido cualquier error de Dartmouth sobre la identidad del remitente. Dartmouth podr\u00e1, sin incurrir en ninguna responsabilidad, solicitar confirmaci\u00f3n por escrito de las instrucciones. Esta exenci\u00f3n de responsabilidad incluye cualquier da\u00f1o incurrido en relaci\u00f3n con el uso de comunicaciones por correo electr\u00f3nico, servicios multimedia o cibern\u00e9ticos, as\u00ed como cualquier otro servicio de comunicaci\u00f3n comercialmente disponible.<br \/>\n3.2. Si se suministran documentos a Dartmouth para su distribuci\u00f3n o publicaci\u00f3n, los clientes deben asegurarse de que no infrinjan ning\u00fan derecho de autor, patente u otros derechos legales de terceros. Adem\u00e1s, el contenido de dichos documentos no deber\u00e1 ser de car\u00e1cter sexual, pol\u00edtico, indecente, inmoral ni ilegal. Los clientes eximir\u00e1n a Dartmouth de toda responsabilidad y estar\u00e1n totalmente indemnizados frente a cualquier responsabilidad, da\u00f1o, cargo, multa, impuesto, coste o gasto en que incurra, sufra o gaste, directa o indirectamente, como consecuencia de dicha infracci\u00f3n o car\u00e1cter.<br \/>\n3.3. Los derechos de autor de todos los materiales escritos, incluyendo acuerdos, documentos, informes y libros de registro, elaborados por Dartmouth corresponder\u00e1n a Dartmouth. El cliente solo tendr\u00e1 derecho a utilizar dicho material para las circunstancias y los fines para los que fue elaborado.<br \/>\n3.4. Todo asesoramiento legal o de otro tipo prestado, y todo informe preparado por Dartmouth, s\u00f3lo podr\u00e1 ser utilizado por el cliente a quien se le prest\u00f3 dicho asesoramiento o para quien se prepar\u00f3 dicho informe.<br \/>\n3.5. A los efectos de las presentes Condiciones, se considerar\u00e1 recibido un aviso, factura o cualquier otro mensaje en los siguientes momentos: (i) si se env\u00eda por mensajer\u00eda: en el momento de su entrega por el mensajero al destinatario; (ii) si se env\u00eda por carta certificada: en la fecha indicada en el acuse de recibo; y (iii) si se env\u00eda por telegrama, t\u00e9lex, correo electr\u00f3nico o fax: en la fecha de recepci\u00f3n por el destinatario.<\/p>\n<p><strong>4. Confidencialidad y Protecci\u00f3n de Datos<\/strong><\/p>\n<p>4.1. Dartmouth no revelar\u00e1 ninguna informaci\u00f3n confidencial relacionada con dicho Cliente sin autorizaci\u00f3n, excepto si es razonablemente necesario para el correcto desempe\u00f1o de los deberes de Dartmouth o si lo exige la ley.<br \/>\n4.2. Las Partes cumplir\u00e1n con la \u201cPol\u00edtica de Privacidad de Datos\u201d publicada por Dartmouth en su sitio web https:\/\/dartmouthinternational.com\/privacy-policy\/ . Dartmouth podr\u00e1 modificar dichos t\u00e9rminos en cualquier momento, los cuales se publicar\u00e1n autom\u00e1ticamente y ser\u00e1n vinculantes para las Partes.<\/p>\n<p><strong>5. Honorarios y gastos<\/strong><\/p>\n<p>5.1. Los servicios prestados por Dartmouth se cobrar\u00e1n por tarifas por hora o tarifas vigentes y todos los gastos incurridos y los desembolsos facturados o pagados por Dartmouth o adeudados a terceros por el Cliente, ser\u00e1n por cuenta exclusiva del Cliente.<br \/>\n5.2. Todas las facturas deben pagarse en la fecha estipulada en la factura correspondiente. Dartmouth se reserva el derecho de cobrar una multa por cada incidente, seg\u00fan el tiempo de retraso en el pago de la factura. Adem\u00e1s, todas las multas, sanciones e intereses cobrados por terceros debido a retrasos en los pagos del Cliente, en los que se haya incurrido en nombre y representaci\u00f3n del Cliente, ser\u00e1n responsabilidad exclusiva del Cliente.<br \/>\n5.3. Dartmouth tendr\u00e1 derecho en todo momento a suspender cualquiera de sus servicios hasta que se hayan liquidado los montos adeudados.<br \/>\n5.4. Todos los costos y gastos, sostenidos, incurridos o gastados por Dartmouth, dentro o fuera del tribunal, en relaci\u00f3n con el cobro de un cliente de cualquier monto adeudado a Dartmouth, incluidos los honorarios legales, ser\u00e1n por cuenta de dicho Cliente.<\/p>\n<p><strong>6. Terminaci\u00f3n<\/strong><\/p>\n<p>6.1. Dartmouth se reserva el derecho de rescindir o resolver total o parcialmente los servicios prestados a sus clientes, as\u00ed como los acuerdos vigentes con ellos, en caso de que (i) un cliente incumpla las leyes o normativas de la jurisdicci\u00f3n aplicable; (ii) exista alguna duda razonable sobre la legalidad, moralidad o decencia de las actividades o negocios de un cliente ; (iii) un cliente se postule o asuma un cargo pol\u00edtico o p\u00fablico; o (iv) se vea involucrado en una sanci\u00f3n o delito, como se detalla a continuaci\u00f3n en la cl\u00e1usula 8.1, incluyendo situaciones empresariales, pol\u00edticas o morales controvertidas; o (v) no cumpla con la cl\u00e1usula 9 (disposiciones contra el blanqueo de activos y\/o capitales). Asimismo, Dartmouth no presta servicios a clientes que residan o negocien con pa\u00edses sujetos a sanciones o embargos de la ONU o la UE.<br \/>\n6.2. Dartmouth tiene derecho a retener y conservar todos y cada uno de los documentos y registros corporativos pertenecientes a un cliente, hasta que todos los montos adeudados a Dartmouth hayan sido pagados en su totalidad por dicho cliente.<\/p>\n<p><strong>7. Compliance<\/strong><\/p>\n<p>7.1. Dartmouth y el Cliente se comprometen por la presente a que, a la fecha de formalizaci\u00f3n de la relaci\u00f3n, ni Dartmouth ni sus directores, directivos ni empleados han ofrecido, prometido, otorgado, autorizado, solicitado ni aceptado ninguna ventaja pecuniaria o de otro tipo indebida (ni han dado a entender que har\u00e1n o podr\u00edan hacer algo similar en el futuro) relacionada con la relaci\u00f3n, y a que han tomado medidas razonables para impedir que los proveedores de servicios, agentes o terceros sujetos a su control o influencia determinante lo hagan. Cada Parte ha implementado, a la fecha de formalizaci\u00f3n de la relaci\u00f3n, o se compromete a implementar poco despu\u00e9s, un programa corporativo de Compliance y a promover una cultura de integridad en su organizaci\u00f3n.<br \/>\n7.2. El C\u00f3digo y Manual de Conducta y Cumplimiento de Dartmouth est\u00e1 disponible y publicado en su sitio web https:\/\/dartmouthinternational.com\/wp-content\/uploads\/2022\/01\/DARTMOUTH-CODE-AND-MANUAL-OF-CONDUCT-AND-COMPLIANCE_CLEAN.pdf<br \/>\n7.3. Las Partes se comprometer\u00e1n a mantener su programa de cumplimiento y a implementar sus disposiciones al menos durante la vigencia de la relaci\u00f3n, manteniendo as\u00ed durante ese per\u00edodo un ambiente de confianza entre las Partes.<br \/>\n7.4. Las Partes acuerdan que, en todo momento en relaci\u00f3n con y durante el curso de la relaci\u00f3n y posteriormente, cumplir\u00e1n y tomar\u00e1n medidas razonables para garantizar que sus subcontratistas, agentes u otros terceros, sujetos a su control o influencia determinante, cumplan con las siguientes disposiciones:<br \/>\nLas Partes prohibir\u00e1n las siguientes pr\u00e1cticas en todo momento y en cualquier forma, en relaci\u00f3n con un funcionario p\u00fablico a nivel internacional, nacional o local, un partido pol\u00edtico, un funcionario de un partido o un candidato a un cargo pol\u00edtico, y un director, funcionario o empleado de una Parte, ya sea que estas pr\u00e1cticas se realicen directa o indirectamente, incluso a trav\u00e9s de terceros;<br \/>\n&#8211; Lavado de Activos Producto de Pr\u00e1cticas Corruptas: es el ocultamiento o encubrimiento del origen, fuente, ubicaci\u00f3n, disposici\u00f3n, movimiento o propiedad il\u00edcita de bienes, a sabiendas de que dichos bienes son producto de un delito.<br \/>\n&#8211; \u201cCorrupci\u00f3n\u201d o \u201cPr\u00e1cticas corruptas\u201d incluir\u00e1n soborno, extorsi\u00f3n o solicitud, tr\u00e1fico de influencias y lavado de los ingresos provenientes de estas pr\u00e1cticas.<br \/>\n7.5. Con respecto a terceros, sujetos al control o influencia determinante de una Parte, incluyendo pero no limitado a agentes, consultores de desarrollo de negocios, representantes de ventas, agentes de aduanas, consultores generales, revendedores, subcontratistas, franquiciados, abogados, contadores o intermediarios similares, que act\u00faen en nombre de la Parte en conexi\u00f3n con mercadeo o ventas, la negociaci\u00f3n de contratos, la obtenci\u00f3n de licencias, permisos u otras autorizaciones, o cualquier acci\u00f3n que beneficie a la Parte o como subcontratistas en la cadena de suministro, las Partes deben instruirlos a no participar ni tolerar que participen en ning\u00fan acto de corrupci\u00f3n; no utilizarlos como conducto para ninguna pr\u00e1ctica corrupta; contratarlos solo en la medida apropiada para la conducta regular.<\/p>\n<p><strong>8. Sanciones e infracciones<\/strong><\/p>\n<p>8.1. Lista de \u201cCategor\u00edas Designadas de Delitos\u201d seg\u00fan las Cuarenta Recomendaciones sobre Blanqueo de Capitales elaboradas por el Grupo de Acci\u00f3n Financiera Internacional (FATCA):<br \/>\nparticipaci\u00f3n en un grupo delictivo organizado y extorsi\u00f3n;<br \/>\nterrorismo, incluida la financiaci\u00f3n del terrorismo;<br \/>\ntrata de seres humanos y tr\u00e1fico de migrantes;<br \/>\nexplotaci\u00f3n sexual, incluida la explotaci\u00f3n sexual de ni\u00f1os;<br \/>\ntr\u00e1fico il\u00edcito de estupefacientes y sustancias psicotr\u00f3picas;<br \/>\ntr\u00e1fico il\u00edcito de armas;<br \/>\ntr\u00e1fico il\u00edcito de bienes robados y otros;<br \/>\ncorrupci\u00f3n y soborno;<br \/>\nfraude;<br \/>\nfalsificaci\u00f3n de moneda;<br \/>\nfalsificaci\u00f3n y pirater\u00eda de productos;<br \/>\ndelito ambiental;<br \/>\nasesinato, lesiones corporales graves;<br \/>\nsecuestro, retenci\u00f3n ilegal y toma de rehenes;<br \/>\nrobo o hurto;<br \/>\ncontrabando (incluso en relaci\u00f3n con derechos de aduana e impuestos especiales)<br \/>\ndelitos fiscales (relacionados con impuestos directos e impuestos indirectos)<br \/>\nextorsi\u00f3n;<br \/>\nfalsificaci\u00f3n;<br \/>\nla pirater\u00eda y<br \/>\nUso de informaci\u00f3n privilegiada y manipulaci\u00f3n del mercado<\/p>\n<p>8.2. Darmouth rechazar\u00e1 autom\u00e1ticamente a un Cliente o cancelar\u00e1 los servicios acordados si \u00e9ste comete alguna de las conductas mencionadas en la cl\u00e1usula 8.1.<\/p>\n<p><strong>9. Disposiciones contra el blanqueo de capitales<\/strong><\/p>\n<p>9.1. Para cumplir con los requisitos legales para combatir el blanqueo de capitales (AML) y la financiaci\u00f3n del terrorismo (CFT), Dartmouth ha desarrollado un conjunto de pol\u00edticas y pr\u00e1cticas de \u00abKnow your Customer\u00bb (\u00abKYC\u00bb). Dartmouth proporcionar\u00e1 una declaraci\u00f3n de KYC junto con estos T\u00e9rminos y Condiciones Generales. El cliente proporcionar\u00e1 la informaci\u00f3n necesaria para que Dartmouth cumpla con dicha legislaci\u00f3n y sus pol\u00edticas y pr\u00e1cticas internas. Dicha informaci\u00f3n debe proporcionarse mediante un formulario espec\u00edfico de \u00abKYC\u00bb o un formulario de debida diligencia, y debe estar firmado por el Cliente. Con base en el an\u00e1lisis y las pol\u00edticas internas, Dartmouth se reserva el derecho de aceptar o rechazar al Cliente a su entera discreci\u00f3n.<br \/>\n9.2. El Cliente reconoce, entiende y acepta que Dartmouth gestionar\u00e1 los asuntos comerciales de la Entidad, en todo momento, de conformidad con (i) las leyes y normativas aplicables, incluyendo, entre otras, las relacionadas con la organizaci\u00f3n empresarial y la prevenci\u00f3n del blanqueo de capitales; (ii) los estatutos\/memorandos\/escrituras\/reglamentos sociales\/contrato de sociedad de la Entidad; y (iii) cualquier acuerdo de accionistas\/socios. En cualquier caso, Dartmouth desempe\u00f1ar\u00e1 sus funciones y prestar\u00e1 los Servicios de la mejor manera posible y en el mejor inter\u00e9s de la Entidad.<\/p>\n<p><strong>10. Ley aplicable y jurisdicci\u00f3n<\/strong><\/p>\n<p>10.1. Si alguna de las disposiciones de estas Condiciones o de cualquier acuerdo celebrado por Dartmouth es o se vuelve ilegal, inv\u00e1lida o inaplicable en cualquier aspecto seg\u00fan la ley de cualquier jurisdicci\u00f3n, ni la legalidad, validez o aplicabilidad de las disposiciones restantes del presente documento ni la legalidad, validez o aplicabilidad de dicha disposici\u00f3n seg\u00fan la ley de cualquier otra jurisdicci\u00f3n se ver\u00e1n afectadas o perjudicadas de ninguna manera.<br \/>\n10.2. Dartmouth no estar\u00e1 obligado a hacer u omitir nada que considere que est\u00e9 en conflicto con los intereses leg\u00edtimos de un cliente, con los intereses de Dartmouth y\/o las leyes y regulaciones de cualquier jurisdicci\u00f3n aplicable.<br \/>\n10.3. Si alguna de las disposiciones de estas Condiciones o de cualquier acuerdo celebrado por Dartmouth es o se vuelve ilegal, inv\u00e1lida o inaplicable en cualquier aspecto seg\u00fan la ley de cualquier jurisdicci\u00f3n, ni la legalidad, validez o aplicabilidad de las disposiciones restantes del presente documento ni la legalidad, validez o aplicabilidad de dicha disposici\u00f3n seg\u00fan la ley de cualquier otra jurisdicci\u00f3n se ver\u00e1n afectadas o perjudicadas de ninguna manera.<\/p>\n","protected":false},"excerpt":{"rendered":"<p>1. Definiciones Las siguientes definiciones se aplican a los T\u00e9rminos y Condiciones Generales: 1.1. Dartmouth Management EE y el Grupo de Empresas Dartmouth, en adelante ser\u00e1n denominados \u201cDartmouth\u201d. 1.2. La parte que encarga el trabajo o la prestaci\u00f3n de servicios en adelante ser\u00e1 denominada \u201cCliente\u201d. 1.3. Dartmouth y el Cliente en adelante se denominar\u00e1n las [&hellip;]<\/p>\n","protected":false},"author":1,"featured_media":0,"parent":0,"menu_order":0,"comment_status":"closed","ping_status":"closed","template":"page-privacy.php","meta":{"_acf_changed":false,"footnotes":""},"class_list":["post-4016","page","type-page","status-publish","hentry"],"acf":[],"_links":{"self":[{"href":"https:\/\/dartmouth.unitridigital.com.br\/es\/wp-json\/wp\/v2\/pages\/4016","targetHints":{"allow":["GET"]}}],"collection":[{"href":"https:\/\/dartmouth.unitridigital.com.br\/es\/wp-json\/wp\/v2\/pages"}],"about":[{"href":"https:\/\/dartmouth.unitridigital.com.br\/es\/wp-json\/wp\/v2\/types\/page"}],"author":[{"embeddable":true,"href":"https:\/\/dartmouth.unitridigital.com.br\/es\/wp-json\/wp\/v2\/users\/1"}],"replies":[{"embeddable":true,"href":"https:\/\/dartmouth.unitridigital.com.br\/es\/wp-json\/wp\/v2\/comments?post=4016"}],"version-history":[{"count":2,"href":"https:\/\/dartmouth.unitridigital.com.br\/es\/wp-json\/wp\/v2\/pages\/4016\/revisions"}],"predecessor-version":[{"id":4020,"href":"https:\/\/dartmouth.unitridigital.com.br\/es\/wp-json\/wp\/v2\/pages\/4016\/revisions\/4020"}],"wp:attachment":[{"href":"https:\/\/dartmouth.unitridigital.com.br\/es\/wp-json\/wp\/v2\/media?parent=4016"}],"curies":[{"name":"wp","href":"https:\/\/api.w.org\/{rel}","templated":true}]}}